{"id":238,"date":"2019-05-13T10:50:12","date_gmt":"2019-05-13T08:50:12","guid":{"rendered":"http:\/\/sds.malawies.pl\/?page_id=238"},"modified":"2023-04-17T12:23:16","modified_gmt":"2023-04-17T10:23:16","slug":"zasady-przyjecia","status":"publish","type":"page","link":"http:\/\/sds.malawies.pl\/index.php\/zasady-przyjecia\/","title":{"rendered":"Zasady przyj\u0119cia"},"content":{"rendered":"\r\n<p style=\"text-align: justify;\"><strong>Uczestnikiem <\/strong>zaj\u0119\u0107 w \u015arodowiskowym Domu Samopomocy mo\u017ce zosta\u0107 ka\u017cda osoba pe\u0142noletnia, u kt\u00f3rej wyst\u0119puj\u0105 zaburzenia psychiczne powsta\u0142e na skutek przewlek\u0142ej choroby psychicznej b\u0105d\u017a upo\u015bledzenie umys\u0142owe, z terenu Gminy Ma\u0142a Wie\u015b,\u00a0 Gminy Bulkowo oraz Gminy Bodzan\u00f3w.<\/p>\r\n\r\n\r\n\r\n<p style=\"text-align: justify;\"><strong>Skierowanie <\/strong>do \u015arodowiskowego Domu Samopomocy mo\u017cna uzyska\u0107 za po\u015brednictwem Gminnego O\u015brodka Pomocy Spo\u0142ecznej w Ma\u0142ej Wsi, Gminnego O\u015brodka Pomocy Spo\u0142ecznej w Bulkowie oraz Gminnego O\u015brodka Pomocy Spo\u0142ecznej w Bodzanowie.<\/p>\r\n\r\n\r\n\r\n<p><em><strong>Wymagane dokumenty:<\/strong><\/em><\/p>\r\n\r\n\r\n\r\n<ul>\r\n<li style=\"text-align: justify;\">wniosek &#8211; druk do pobrania w formacie <a href=\"http:\/\/sds.malawies.pl\/wp-content\/uploads\/2019\/05\/wn-do-gops.doc\">doc<\/a> lub <a href=\"http:\/\/sds.malawies.pl\/wp-content\/uploads\/2019\/05\/wn-do-gops.pdf\">pdf<\/a><\/li>\r\n<li style=\"text-align: justify;\">za\u015bwiadczenie lekarza specjalisty (psychiatry lub neurologa) o wyst\u0119puj\u0105cych zaburzeniach czynno\u015bci psychicznych lub neurologicznych &#8211; druk do pobrania w formacie <a href=\"http:\/\/sds.malawies.pl\/wp-content\/uploads\/2019\/05\/zas-psychiatra.doc\">doc<\/a> lub <a href=\"http:\/\/sds.malawies.pl\/wp-content\/uploads\/2019\/05\/zas-psychiatra.pdf\">pdf<\/a><\/li>\r\n<li style=\"text-align: justify;\">za\u015bwiadczenie lekarza rodzinnego o stanie zdrowia i o braku przeciwwskaza\u0144 do uczestnictwa w zaj\u0119ciach wraz z informacj\u0105 o sprawno\u015bci w zakresie lokomocji &#8211; druk do pobrania w formacie <a href=\"http:\/\/sds.malawies.pl\/wp-content\/uploads\/2019\/05\/zas-lek-rodzinny.doc\">doc<\/a> lub <a href=\"http:\/\/sds.malawies.pl\/wp-content\/uploads\/2019\/05\/zas-lek-rodzinny.pdf\">pdf<\/a><\/li>\r\n<li>orzeczenie o stopniu niepe\u0142nosprawno\u015bci lub orzeczenie orzecznika ZUS, o ile takie osoba posiada.<\/li>\r\n<\/ul>\r\n\r\n\r\n\r\n<p>Wy\u017cej wymienione dokumenty nale\u017cy dostarczy\u0107 do w\u0142a\u015bciwego pod wzgl\u0119dem zamieszkania Gminnego O\u015brodka Pomocy Spo\u0142ecznej.<\/p>\r\n\r\n\r\n\r\n\r\n\r\n<p style=\"text-align: justify;\"><strong>Szczeg\u00f3\u0142owe informacje na temat skierowania mo\u017cna uzyska\u0107 telefonicznie<\/strong><strong> w\u00a0 \u015arodowiskowym Domu Samopomocy pod numerem telefonu 606685062 lub <\/strong><strong>w Gminnym O\u015brodku Pomocy Spo\u0142ecznej w Ma\u0142ej Wsi pod numerem telefonu 242697962<\/strong><\/p>\r\n\r\n\r\n\r\n\r\n","protected":false},"excerpt":{"rendered":"<p>Uczestnikiem zaj\u0119\u0107 w \u015arodowiskowym Domu Samopomocy mo\u017ce zosta\u0107 ka\u017cda osoba pe\u0142noletnia, u kt\u00f3rej wyst\u0119puj\u0105 zaburzenia psychiczne powsta\u0142e na skutek przewlek\u0142ej choroby psychicznej b\u0105d\u017a upo\u015bledzenie umys\u0142owe, &#8230;<\/p>\n","protected":false},"author":1,"featured_media":256,"parent":0,"menu_order":0,"comment_status":"closed","ping_status":"closed","template":"","meta":{"footnotes":""},"_links":{"self":[{"href":"http:\/\/sds.malawies.pl\/index.php\/wp-json\/wp\/v2\/pages\/238"}],"collection":[{"href":"http:\/\/sds.malawies.pl\/index.php\/wp-json\/wp\/v2\/pages"}],"about":[{"href":"http:\/\/sds.malawies.pl\/index.php\/wp-json\/wp\/v2\/types\/page"}],"author":[{"embeddable":true,"href":"http:\/\/sds.malawies.pl\/index.php\/wp-json\/wp\/v2\/users\/1"}],"replies":[{"embeddable":true,"href":"http:\/\/sds.malawies.pl\/index.php\/wp-json\/wp\/v2\/comments?post=238"}],"version-history":[{"count":0,"href":"http:\/\/sds.malawies.pl\/index.php\/wp-json\/wp\/v2\/pages\/238\/revisions"}],"wp:featuredmedia":[{"embeddable":true,"href":"http:\/\/sds.malawies.pl\/index.php\/wp-json\/wp\/v2\/media\/256"}],"wp:attachment":[{"href":"http:\/\/sds.malawies.pl\/index.php\/wp-json\/wp\/v2\/media?parent=238"}],"curies":[{"name":"wp","href":"https:\/\/api.w.org\/{rel}","templated":true}]}}