{"id":202,"date":"2019-05-13T09:58:10","date_gmt":"2019-05-13T07:58:10","guid":{"rendered":"http:\/\/sds.malawies.pl\/?page_id=202"},"modified":"2019-05-18T22:14:43","modified_gmt":"2019-05-18T20:14:43","slug":"dzialalnosc","status":"publish","type":"page","link":"http:\/\/sds.malawies.pl\/index.php\/o-nas\/dzialalnosc\/","title":{"rendered":"Dzia\u0142alno\u015b\u0107"},"content":{"rendered":"\r\n<p style=\"text-align: justify;\">\u015arodowiskowy dom Samopomocy w Starych \u015awi\u0119cicach jest jednostka organizacyjn\u0105 Gminy Ma\u0142a Wie\u015b, finansowana ze \u015brodk\u00f3w na zadania zlecone z zakresu administracji rz\u0105dowej, przekazywane przez Wojewod\u0119 Mazowieckiego.<\/p>\r\n\r\n\r\n\r\n<p style=\"text-align: justify;\">Celem og\u00f3lnym dzia\u0142alno\u015bci \u015arodowiskowego Domu Samopomocy w Starych \u015awi\u0119cicach\u00a0 jest \u015bwiadczenie dziennych us\u0142ug w zakresie wsparcia terapeutycznego\u00a0 uczestnik\u00f3w oraz ich rodzin, kompensowanie skutk\u00f3w niepe\u0142nosprawno\u015bci, zapobiegania izolacji i wykluczeniu spo\u0142ecznemu os\u00f3b psychicznie przewlekle chorych i niepe\u0142nosprawnych.<\/p>\r\n\r\n\r\n\r\n<p style=\"text-align: justify;\">\u015arodowiskowy Dom Samopomocy jest plac\u00f3wk\u0105 wsparcia dziennego dla\u00a0 30 os\u00f3b\u00a0 przewlekle psychicznie chorych i upo\u015bledzonych umys\u0142owo. Dom typu AB.<\/p>\r\n\r\n\r\n\r\n<p style=\"text-align: justify;\">\u015arodowiskowy Dom Samopomocy\u00a0 Starych \u015awi\u0119cicach czynny jest 5 dnia w tygodniu\u00a0 (poniedzia\u0142ek \u2013 pi\u0105tek) w godzinach 8\u00ba\u00ba- 16\u00ba\u00ba. Zaj\u0119cia prowadzone s\u0105 przez instruktor\u00f3w terapii zaj\u0119ciowej oraz asystenta osoby niepe\u0142nosprawnej w odpowiednio przydzielonych pracowniach.<\/p>\r\n\r\n\r\n\r\n<p style=\"text-align: justify;\">Zaj\u0119cia odbywaj\u0105 si\u0119 w nast\u0119puj\u0105cych pracowniach, odpowiednio wyposa\u017conych w niezb\u0119dny sprz\u0119t oraz materia\u0142y do realizacji zada\u0144 wspieraj\u0105co-aktywizuj\u0105cych:<\/p>\r\n\r\n\r\n\r\n<ol style=\"text-align: justify;\">\r\n<li>Pracowni usprawniania ruchowego<\/li>\r\n<li>Pracowni gospodarstwa domowego<\/li>\r\n<li>Pracowni komunikacji\u00a0 i umiej\u0119tno\u015bci spo\u0142ecznych<\/li>\r\n<li>Pracowni artystycznej i ogrodniczej<\/li>\r\n<li>Pracowni komputerowo \u2013 informatycznej.,<\/li>\r\n<\/ol>\r\n\r\n\r\n\r\n<p style=\"text-align: justify;\">Ponadto zaj\u0119cia w \u015arodowiskowym Domu Samopomocy\u00a0 obejmuj\u0105: terapi\u0119 zaj\u0119ciow\u0105, terapi\u0119 ruchow\u0105, poradnictwo psychologiczne i socjalne, pomoc w za\u0142atwieniu spraw osobistych, urz\u0119dowych, pomoc w dost\u0119pie do \u015bwiadcze\u0144 zdrowotnych.<\/p>\r\n\r\n\r\n\r\n<p style=\"text-align: justify;\">Integraln\u0105 cz\u0119\u015bci\u0105 zaj\u0119\u0107 s\u0105 spacery edukacyjne, wyjazdy integracyjne i wycieczki krajoznawcze.<\/p>\r\n","protected":false},"excerpt":{"rendered":"<p>\u015arodowiskowy dom Samopomocy w Starych \u015awi\u0119cicach jest jednostka organizacyjn\u0105 Gminy Ma\u0142a Wie\u015b, finansowana ze \u015brodk\u00f3w na zadania zlecone z zakresu administracji rz\u0105dowej, przekazywane przez Wojewod\u0119 &#8230;<\/p>\n","protected":false},"author":1,"featured_media":0,"parent":182,"menu_order":0,"comment_status":"closed","ping_status":"closed","template":"","meta":{"footnotes":""},"_links":{"self":[{"href":"http:\/\/sds.malawies.pl\/index.php\/wp-json\/wp\/v2\/pages\/202"}],"collection":[{"href":"http:\/\/sds.malawies.pl\/index.php\/wp-json\/wp\/v2\/pages"}],"about":[{"href":"http:\/\/sds.malawies.pl\/index.php\/wp-json\/wp\/v2\/types\/page"}],"author":[{"embeddable":true,"href":"http:\/\/sds.malawies.pl\/index.php\/wp-json\/wp\/v2\/users\/1"}],"replies":[{"embeddable":true,"href":"http:\/\/sds.malawies.pl\/index.php\/wp-json\/wp\/v2\/comments?post=202"}],"version-history":[{"count":0,"href":"http:\/\/sds.malawies.pl\/index.php\/wp-json\/wp\/v2\/pages\/202\/revisions"}],"up":[{"embeddable":true,"href":"http:\/\/sds.malawies.pl\/index.php\/wp-json\/wp\/v2\/pages\/182"}],"wp:attachment":[{"href":"http:\/\/sds.malawies.pl\/index.php\/wp-json\/wp\/v2\/media?parent=202"}],"curies":[{"name":"wp","href":"https:\/\/api.w.org\/{rel}","templated":true}]}}