{"id":179,"date":"2019-05-11T03:35:17","date_gmt":"2019-05-11T01:35:17","guid":{"rendered":"http:\/\/sds.malawies.pl\/?page_id=179"},"modified":"2019-05-18T22:05:30","modified_gmt":"2019-05-18T20:05:30","slug":"pracownia-usprawniania-ruchowego","status":"publish","type":"page","link":"http:\/\/sds.malawies.pl\/index.php\/terapia-zajeciowa\/pracownia-usprawniania-ruchowego\/","title":{"rendered":"Pracownia usprawniania ruchowego"},"content":{"rendered":"\r\n<p style=\"text-align: justify;\">Celem dzia\u0142a\u0144 podejmowanych w ramach tej pracowni jest zwi\u0119kszenie kondycji i sprawno\u015bci fizycznej uczestnik\u00f3w \u015aDS, niwelowanie istniej\u0105cych dysfunkcji ruchowych oraz kszta\u0142towanie postaw \u015bwiadomej aktywno\u015bci rekreacyjno \u2013 sportowej w\u015br\u00f3d os\u00f3b niepe\u0142nosprawnych. Pracownia realizuje zaj\u0119cia indywidualne i grupowe z zakresu rehabilitacji, usprawniania og\u00f3lno &#8211; ruchowego, sportu, rekreacji ruchowej i szeroko poj\u0119tej turystyki.<\/p>\r\n","protected":false},"excerpt":{"rendered":"<p>Celem dzia\u0142a\u0144 podejmowanych w ramach tej pracowni jest zwi\u0119kszenie kondycji i sprawno\u015bci fizycznej uczestnik\u00f3w \u015aDS, niwelowanie istniej\u0105cych dysfunkcji ruchowych oraz kszta\u0142towanie postaw \u015bwiadomej aktywno\u015bci rekreacyjno &#8230;<\/p>\n","protected":false},"author":1,"featured_media":297,"parent":173,"menu_order":0,"comment_status":"closed","ping_status":"closed","template":"","meta":{"footnotes":""},"_links":{"self":[{"href":"http:\/\/sds.malawies.pl\/index.php\/wp-json\/wp\/v2\/pages\/179"}],"collection":[{"href":"http:\/\/sds.malawies.pl\/index.php\/wp-json\/wp\/v2\/pages"}],"about":[{"href":"http:\/\/sds.malawies.pl\/index.php\/wp-json\/wp\/v2\/types\/page"}],"author":[{"embeddable":true,"href":"http:\/\/sds.malawies.pl\/index.php\/wp-json\/wp\/v2\/users\/1"}],"replies":[{"embeddable":true,"href":"http:\/\/sds.malawies.pl\/index.php\/wp-json\/wp\/v2\/comments?post=179"}],"version-history":[{"count":0,"href":"http:\/\/sds.malawies.pl\/index.php\/wp-json\/wp\/v2\/pages\/179\/revisions"}],"up":[{"embeddable":true,"href":"http:\/\/sds.malawies.pl\/index.php\/wp-json\/wp\/v2\/pages\/173"}],"wp:featuredmedia":[{"embeddable":true,"href":"http:\/\/sds.malawies.pl\/index.php\/wp-json\/wp\/v2\/media\/297"}],"wp:attachment":[{"href":"http:\/\/sds.malawies.pl\/index.php\/wp-json\/wp\/v2\/media?parent=179"}],"curies":[{"name":"wp","href":"https:\/\/api.w.org\/{rel}","templated":true}]}}