{"id":175,"date":"2019-05-11T03:33:20","date_gmt":"2019-05-11T01:33:20","guid":{"rendered":"http:\/\/sds.malawies.pl\/?page_id=175"},"modified":"2019-05-21T02:56:17","modified_gmt":"2019-05-21T00:56:17","slug":"pracownia-gospodarstwa-domowego","status":"publish","type":"page","link":"http:\/\/sds.malawies.pl\/index.php\/terapia-zajeciowa\/pracownia-gospodarstwa-domowego\/","title":{"rendered":"Pracownia gospodarstwa domowego"},"content":{"rendered":"\r\n<p style=\"text-align: justify;\">Nadrz\u0119dnym celem codziennych dzia\u0142a\u0144 terapeutycznych prowadzonych w pracowni jest wyposa\u017cenie os\u00f3b z zaburzeniami psychicznymi w jak najszersze umiej\u0119tno\u015bci i kompetencje umo\u017cliwiaj\u0105ce samodzielne wykonywanie codziennych czynno\u015bci \u017cyciowo \u2013 domowych. Podopieczni ucz\u0105 si\u0119 planowa\u0107 zakupy i wydatki, uk\u0142ada\u0107 jad\u0142ospisy, zapoznaj\u0105 si\u0119 z zasadami prawid\u0142owego przechowywania \u017cywno\u015bci, poznaj\u0105 zasady racjonalnego od\u017cywiania si\u0119, nabywaj\u0105 umiej\u0119tno\u015bci korzystania z przepis\u00f3w kulinarnych, nabywaj\u0105 umiej\u0119tno\u015bci przyrz\u0105dzania posi\u0142k\u00f3w codziennych i na r\u00f3\u017cne okazje ( wigilia, imprezy okoliczno\u015bciowe)ucz\u0105 si\u0119 obs\u0142ugi sprz\u0119tu gospodarstwa domowego, robot wielofunkcyjny, piekarnik, kuchenka gazowa, zmywarka, kuchenka mikrofalowa, toster, gofrownica itp.<\/p>\r\n","protected":false},"excerpt":{"rendered":"<p>Nadrz\u0119dnym celem codziennych dzia\u0142a\u0144 terapeutycznych prowadzonych w pracowni jest wyposa\u017cenie os\u00f3b z zaburzeniami psychicznymi w jak najszersze umiej\u0119tno\u015bci i kompetencje umo\u017cliwiaj\u0105ce samodzielne wykonywanie codziennych czynno\u015bci &#8230;<\/p>\n","protected":false},"author":1,"featured_media":313,"parent":173,"menu_order":0,"comment_status":"closed","ping_status":"closed","template":"","meta":{"footnotes":""},"_links":{"self":[{"href":"http:\/\/sds.malawies.pl\/index.php\/wp-json\/wp\/v2\/pages\/175"}],"collection":[{"href":"http:\/\/sds.malawies.pl\/index.php\/wp-json\/wp\/v2\/pages"}],"about":[{"href":"http:\/\/sds.malawies.pl\/index.php\/wp-json\/wp\/v2\/types\/page"}],"author":[{"embeddable":true,"href":"http:\/\/sds.malawies.pl\/index.php\/wp-json\/wp\/v2\/users\/1"}],"replies":[{"embeddable":true,"href":"http:\/\/sds.malawies.pl\/index.php\/wp-json\/wp\/v2\/comments?post=175"}],"version-history":[{"count":0,"href":"http:\/\/sds.malawies.pl\/index.php\/wp-json\/wp\/v2\/pages\/175\/revisions"}],"up":[{"embeddable":true,"href":"http:\/\/sds.malawies.pl\/index.php\/wp-json\/wp\/v2\/pages\/173"}],"wp:featuredmedia":[{"embeddable":true,"href":"http:\/\/sds.malawies.pl\/index.php\/wp-json\/wp\/v2\/media\/313"}],"wp:attachment":[{"href":"http:\/\/sds.malawies.pl\/index.php\/wp-json\/wp\/v2\/media?parent=175"}],"curies":[{"name":"wp","href":"https:\/\/api.w.org\/{rel}","templated":true}]}}